{"id":455,"date":"2024-03-21T20:03:48","date_gmt":"2024-03-21T19:03:48","guid":{"rendered":"https:\/\/hometeamgc.orbidi.es\/?page_id=11"},"modified":"2024-03-21T20:03:48","modified_gmt":"2024-03-21T19:03:48","slug":"declaracion-de-accesibilidad","status":"publish","type":"page","link":"https:\/\/hometeam.es\/de\/declaracion-de-accesibilidad\/","title":{"rendered":"Erkl\u00e4rung zur Zug\u00e4nglichkeit"},"content":{"rendered":"<p>Home Team Gran Canaria Real Estate Services S.L. verpflichtet sich, seine Webseiten gem\u00e4\u00df dem K\u00f6niglichen Dekret 1112\/2018 vom 7. September \u00fcber die Zug\u00e4nglichkeit von Webseiten und Anwendungen des \u00f6ffentlichen Sektors f\u00fcr mobile Ger\u00e4te zug\u00e4nglich zu machen.<\/p>\n\n\n\n<p>Diese Erkl\u00e4rung zur Zug\u00e4nglichkeit gilt f\u00fcr die Website hometeamgc.com.<\/p>\n\n\n\n<h2 class=\"wp-block-heading\"><strong>KONFORMIT\u00c4TSSTATUS<\/strong><\/h2>\n\n\n\n<p>Diese Website entspricht teilweise der RD 1112\/2018 aufgrund der Ausnahmen und der Nichteinhaltung der unten aufgef\u00fchrten Aspekte.<\/p>\n\n\n\n<h2 class=\"wp-block-heading\"><strong>INHALT NICHT ZUG\u00c4NGLICH<\/strong><\/h2>\n\n\n\n<p>Der nachstehende Inhalt ist aus den folgenden Gr\u00fcnden nicht zug\u00e4nglich:&nbsp;<\/p>\n\n\n\n<ul class=\"wp-block-list\">\n<li>Nichteinhaltung des RD 1112\/2018:\n<ul class=\"wp-block-list\">\n<li>Es kann Inhalte in anderen Sprachen geben, bei denen die Sprachumschaltung nicht korrekt gekennzeichnet ist.<\/li>\n\n\n\n<li>F\u00fcr reine Audio-Multimedia-Elemente gibt es m\u00f6glicherweise keine Alternative<\/li>\n\n\n\n<li>Es kann Videos ohne Untertitel geben<\/li>\n\n\n\n<li>Es gibt Textinhalte ohne ausreichenden Kontrast<\/li>\n\n\n\n<li>Es ist zu erkennen, dass die Sch\u00e4rfe in einigen F\u00e4llen nicht das erforderliche Mindestkontrastverh\u00e4ltnis erreicht.<\/li>\n\n\n\n<li>In einigen F\u00e4llen kann es zu inhaltlichen \u00dcberschneidungen kommen<\/li>\n\n\n\n<li>M\u00f6glicherweise gibt es PDF-Dokumente mit Zug\u00e4nglichkeitsproblemen<\/li>\n<\/ul>\n<\/li>\n\n\n\n<li>Unverh\u00e4ltnism\u00e4\u00dfige Belastung:\n<ul class=\"wp-block-list\">\n<li>Nicht anwendbar.<\/li>\n<\/ul>\n<\/li>\n\n\n\n<li>Der Inhalt f\u00e4llt nicht in den Geltungsbereich der geltenden Rechtsvorschriften:\n<ul class=\"wp-block-list\">\n<li>Es kann Dokumente im PDF-Format geben, die vor dem 20. September 2018 ver\u00f6ffentlicht wurden und nicht alle Anforderungen an die Barrierefreiheit erf\u00fcllen.<\/li>\n<\/ul>\n<\/li>\n<\/ul>\n\n\n\n<h2 class=\"wp-block-heading\"><strong>ERSTELLUNG DIESER ZUG\u00c4NGLICHKEITSERKL\u00c4RUNG<\/strong><\/h2>\n\n\n\n<p>Diese Erkl\u00e4rung wurde am 23. Januar 2024 erstellt.<\/p>\n\n\n\n<p>Die Methode, die f\u00fcr diese Erkl\u00e4rung verwendet wurde, war eine Selbsteinsch\u00e4tzung.<\/p>\n\n\n\n<p>Letzte \u00dcberarbeitung der Erkl\u00e4rung: 23. Januar 2024.<\/p>\n\n\n\n<h2 class=\"wp-block-heading\"><strong>BEMERKUNGEN UND KONTAKTANGABEN<\/strong><\/h2>\n\n\n\n<p>Mitteilungen \u00fcber Anforderungen an die Zug\u00e4nglichkeit<\/p>\n\n\n\n<p>Sie k\u00f6nnen Mitteilungen \u00fcber die Anforderungen an die Zug\u00e4nglichkeit (Artikel 10.2.a der RD 1112\/2018) machen, wie z. B.:<\/p>\n\n\n\n<ul class=\"wp-block-list\">\n<li>Melden Sie m\u00f6gliche Verst\u00f6\u00dfe auf dieser Website<\/li>\n\n\n\n<li>\u00dcbermittlung anderer Schwierigkeiten beim Zugang zu Inhalten<\/li>\n\n\n\n<li>Stellen Sie weitere Fragen oder Verbesserungsvorschl\u00e4ge bez\u00fcglich der Zug\u00e4nglichkeit der Website.<\/li>\n<\/ul>\n\n\n\n<p>\u00fcber das Kontaktformular auf dieser Website (<strong>hometeamgc.com\/kontakt<\/strong>) oder \u00fcber die folgende Telefonnummer: +34637777350<\/p>\n\n\n\n<h3 class=\"wp-block-heading\"><strong>Zug\u00e4ngliche Informationsanfragen und Beschwerden<\/strong><\/h3>\n\n\n\n<p>Sie k\u00f6nnen das Formular f\u00fcr Anfragen zu barrierefreien Informationen und f\u00fcr Beschwerden \u00fcber die Zug\u00e4nglichkeit verwenden:<\/p>\n\n\n\n<ul class=\"wp-block-list\">\n<li>eine Beschwerde \u00fcber die Einhaltung der Anforderungen des RD 1112\/2018 oder<\/li>\n\n\n\n<li>eine Anfrage f\u00fcr zug\u00e4ngliche Informationen in Bezug auf:\n<ul class=\"wp-block-list\">\n<li>Inhalte, die vom Anwendungsbereich der RD 1112\/2018 gem\u00e4\u00df Artikel 3 Absatz 4 ausgeschlossen sind<\/li>\n\n\n\n<li>Inhalte, die von den Zug\u00e4nglichkeitsanforderungen ausgenommen sind, weil sie eine unverh\u00e4ltnism\u00e4\u00dfige Belastung darstellen.<\/li>\n<\/ul>\n<\/li>\n<\/ul>\n\n\n\n<p>In dem Antrag auf Zugang zu Informationen m\u00fcssen der Sachverhalt, die Gr\u00fcnde und der Antrag klar dargelegt werden, um nachzuweisen, dass der Antrag angemessen und rechtm\u00e4\u00dfig ist.<\/p>\n\n\n\n<p>Beschwerden und Reklamationen in Bezug auf zug\u00e4ngliche Informationen sind \u00fcber die elektronische Zentrale (https:\/\/sede.red.gob.es\/procedimientos\/quejas-y-sugerencias) einzureichen und werden von der Abteilung Informationssysteme von Red.es entgegengenommen und bearbeitet.<\/p>\n\n\n\n<h2 class=\"wp-block-heading\"><strong>BEWERBUNGSVERFAHREN<\/strong><\/h2>\n\n\n\n<p>Wenn ein Antrag auf Zugang zu Informationen oder eine Beschwerde abgelehnt wurde, der Betroffene mit der getroffenen Entscheidung nicht einverstanden ist oder die Antwort nicht den in Artikel 12.5 des K\u00f6niglichen Dekrets 1112\/2018 genannten Anforderungen entspricht, kann der Betroffene eine Beschwerde einreichen. Ebenso kann eine Beschwerde eingeleitet werden, wenn er keine Antwort erhalten hat.<\/p>\n\n\n\n<p>Das in Artikel 13 des K\u00f6niglichen Dekrets 1112\/2018 vorgesehene Beschwerdeverfahren kann \u00fcber das Kontaktformular auf dieser Website eingeleitet werden (<strong>hometeamgc.com\/kontakt<\/strong>) oder \u00fcber die folgende Telefonnummer: +34637777350<\/p>\n\n\n\n<p>Reklamationen werden von Home Team Gran Canaria Real Estate Services S.L. entgegengenommen und bearbeitet.<\/p>\n\n\n\n<h2 class=\"wp-block-heading\"><strong>OPTIONALE INHALTE<\/strong><\/h2>\n\n\n\n<p>Die Website:<\/p>\n\n\n\n<ul class=\"wp-block-list\">\n<li>wurde in \u00dcbereinstimmung mit den aktuellen Normen und Vorschriften in Bezug auf die Zug\u00e4nglichkeit gestaltet und entspricht den in den Web Content Accessibility Guidelines (WCAG 2.1) definierten Pr\u00fcfpunkten der Priorit\u00e4t 2 (AA).<\/li>\n\n\n\n<li>ist optimiert f\u00fcr die jeweils aktuellen Versionen von Chrome, Edge, Firefox, Safari und Opera<\/li>\n\n\n\n<li>ist so konzipiert, dass sie in jeder Aufl\u00f6sung und auf jedem Desktop, Tablet oder Mobilger\u00e4t korrekt angezeigt wird (responsive Design).<\/li>\n\n\n\n<li>wurde mit HTML5 als Auszeichnungssprache und CSS 3 Style Sheets f\u00fcr das Design erstellt.<\/li>\n<\/ul>\n\n\n\n<p>Wenn Sie die Schriftgr\u00f6\u00dfe des Textes in den Hauptgrafikbrowsern \u00e4ndern m\u00f6chten, verwenden Sie die folgenden Men\u00fcs:<\/p>\n\n\n\n<ul class=\"wp-block-list\">\n<li>Internet Explorer, Mozilla und Firefox: Ansicht &gt; Textgr\u00f6\u00dfe<\/li>\n\n\n\n<li>Opera: Ansicht &gt; Zoom<\/li>\n\n\n\n<li>Safari: Ansicht &gt; Text gr\u00f6\u00dfer machen<\/li>\n\n\n\n<li>Chrome: Aktuelle Seite steuern &gt; Textgr\u00f6\u00dfe<\/li>\n\n\n\n<li>So \u00e4ndern Sie die Gr\u00f6\u00dfe aller Elemente auf der Seite:\n<ul class=\"wp-block-list\">\n<li>Strg + + zum Vergr\u00f6\u00dfern<\/li>\n\n\n\n<li>Strg + - zum Verringern<\/li>\n\n\n\n<li>Strg + 0 stellt die urspr\u00fcngliche Textgr\u00f6\u00dfe wieder her<\/li>\n\n\n\n<li>Wenn Sie das Stylesheet au\u00dfer Kraft setzen oder die Farbe des Textes \u00e4ndern m\u00f6chten, k\u00f6nnen Sie die WAI-Seite How to Change Text Size or Colors konsultieren, die auf Englisch unter How to Change Text Size or Colors zu finden ist.<\/li>\n<\/ul>\n<\/li>\n<\/ul>","protected":false},"excerpt":{"rendered":"<p>Home Team Gran Canaria Real Estate Services S.L. se ha comprometido a hacer accesibles sus Sitios web de conformidad con el Real Decreto 1112\/2018, de 7 de septiembre, sobre accesibilidad [&hellip;]<\/p>","protected":false},"author":1,"featured_media":0,"parent":0,"menu_order":0,"comment_status":"closed","ping_status":"closed","template":"","meta":{"footnotes":""},"class_list":["post-455","page","type-page","status-publish","hentry"],"_links":{"self":[{"href":"https:\/\/hometeam.es\/de\/wp-json\/wp\/v2\/pages\/455","targetHints":{"allow":["GET"]}}],"collection":[{"href":"https:\/\/hometeam.es\/de\/wp-json\/wp\/v2\/pages"}],"about":[{"href":"https:\/\/hometeam.es\/de\/wp-json\/wp\/v2\/types\/page"}],"author":[{"embeddable":true,"href":"https:\/\/hometeam.es\/de\/wp-json\/wp\/v2\/users\/1"}],"replies":[{"embeddable":true,"href":"https:\/\/hometeam.es\/de\/wp-json\/wp\/v2\/comments?post=455"}],"version-history":[{"count":0,"href":"https:\/\/hometeam.es\/de\/wp-json\/wp\/v2\/pages\/455\/revisions"}],"wp:attachment":[{"href":"https:\/\/hometeam.es\/de\/wp-json\/wp\/v2\/media?parent=455"}],"curies":[{"name":"wp","href":"https:\/\/api.w.org\/{rel}","templated":true}]}}