{"id":252,"date":"2024-03-22T19:51:54","date_gmt":"2024-03-22T18:51:54","guid":{"rendered":"https:\/\/hometeamgc.orbidi.es\/?page_id=252"},"modified":"2024-03-22T19:51:54","modified_gmt":"2024-03-22T18:51:54","slug":"propiedades","status":"publish","type":"page","link":"https:\/\/hometeam.es\/hu\/propiedades\/","title":{"rendered":"Ingatlanok"},"content":{"rendered":"<div data-elementor-type=\"wp-page\" data-elementor-id=\"252\" class=\"elementor elementor-252\" data-elementor-post-type=\"page\">\n\t\t\t\t<div class=\"elementor-element elementor-element-0abb7af e-flex e-con-boxed e-con e-parent\" data-id=\"0abb7af\" data-element_type=\"container\" data-e-type=\"container\" data-settings=\"{&quot;background_background&quot;:&quot;classic&quot;}\">\n\t\t\t\t\t<div class=\"e-con-inner\">\n\t\t\t\t<div class=\"elementor-element elementor-element-4b7387e elementor-widget elementor-widget-heading\" data-id=\"4b7387e\" data-element_type=\"widget\" data-e-type=\"widget\" data-widget_type=\"heading.default\">\n\t\t\t\t<div class=\"elementor-widget-container\">\n\t\t\t\t\t<h2 class=\"elementor-heading-title elementor-size-default\">Az \u00e1lmokat kulcsokk\u00e1 v\u00e1ltoztatjuk<\/h2>\t\t\t\t<\/div>\n\t\t\t\t<\/div>\n\t\t\t\t<div class=\"elementor-element elementor-element-a7f51fc elementor-widget elementor-widget-heading\" data-id=\"a7f51fc\" data-element_type=\"widget\" data-e-type=\"widget\" data-widget_type=\"heading.default\">\n\t\t\t\t<div class=\"elementor-widget-container\">\n\t\t\t\t\t<h2 class=\"elementor-heading-title elementor-size-default\">Minden ingatlannak megvan a maga t\u00f6rt\u00e9nete. Kezdje a saj\u00e1tj\u00e1t itt!<\/h2>\t\t\t\t<\/div>\n\t\t\t\t<\/div>\n\t\t\t\t\t<\/div>\n\t\t\t\t<\/div>\n\t\t<div class=\"elementor-element elementor-element-5dc8112 e-con-full e-flex e-con e-parent\" data-id=\"5dc8112\" data-element_type=\"container\" data-e-type=\"container\">\n\t\t\t\t<div class=\"elementor-element elementor-element-5cdff06 elementor-widget elementor-widget-html\" data-id=\"5cdff06\" data-element_type=\"widget\" data-e-type=\"widget\" data-widget_type=\"html.default\">\n\t\t\t\t<div class=\"elementor-widget-container\">\n\t\t\t\t\t<div class=\"paspartu\">\r\n    <div class=\"iframe\">\r\n        <iframe \r\n  src=\"https:\/\/www.webparainmobiliarias.com.es\/frame-clientes\/5259\"\r\n  title=\"Ingatlanok\"\r\n  width=\"100%\"\r\n  height=\"1600\">\r\n<\/iframe>\r\n    <\/div> \r\n<\/div>\t\t\t\t<\/div>\n\t\t\t\t<\/div>\n\t\t\t\t<\/div>\n\t\t\t\t<\/div>","protected":false},"excerpt":{"rendered":"<p>Convertimos sue\u00f1os en llaves Cada propiedad tiene una historia \u00a1Haga que la suya comience aqu\u00ed!<\/p>","protected":false},"author":1,"featured_media":0,"parent":0,"menu_order":0,"comment_status":"closed","ping_status":"closed","template":"","meta":{"footnotes":""},"class_list":["post-252","page","type-page","status-publish","hentry"],"_links":{"self":[{"href":"https:\/\/hometeam.es\/hu\/wp-json\/wp\/v2\/pages\/252","targetHints":{"allow":["GET"]}}],"collection":[{"href":"https:\/\/hometeam.es\/hu\/wp-json\/wp\/v2\/pages"}],"about":[{"href":"https:\/\/hometeam.es\/hu\/wp-json\/wp\/v2\/types\/page"}],"author":[{"embeddable":true,"href":"https:\/\/hometeam.es\/hu\/wp-json\/wp\/v2\/users\/1"}],"replies":[{"embeddable":true,"href":"https:\/\/hometeam.es\/hu\/wp-json\/wp\/v2\/comments?post=252"}],"version-history":[{"count":0,"href":"https:\/\/hometeam.es\/hu\/wp-json\/wp\/v2\/pages\/252\/revisions"}],"wp:attachment":[{"href":"https:\/\/hometeam.es\/hu\/wp-json\/wp\/v2\/media?parent=252"}],"curies":[{"name":"wp","href":"https:\/\/api.w.org\/{rel}","templated":true}]}}