{"id":455,"date":"2024-03-21T20:03:48","date_gmt":"2024-03-21T19:03:48","guid":{"rendered":"https:\/\/hometeamgc.orbidi.es\/?page_id=11"},"modified":"2024-03-21T20:03:48","modified_gmt":"2024-03-21T19:03:48","slug":"declaracion-de-accesibilidad","status":"publish","type":"page","link":"https:\/\/hometeam.es\/hu\/declaracion-de-accesibilidad\/","title":{"rendered":"Hozz\u00e1f\u00e9rhet\u0151s\u00e9gi nyilatkozat"},"content":{"rendered":"<p>A Home Team Gran Canaria Real Estate Services S.L. elk\u00f6telezte mag\u00e1t amellett, hogy weboldal\u00e1t a k\u00f6zszf\u00e9ra weboldalainak \u00e9s alkalmaz\u00e1sainak mobileszk\u00f6z\u00f6k\u00f6n val\u00f3 hozz\u00e1f\u00e9rhet\u0151s\u00e9g\u00e9r\u0151l sz\u00f3l\u00f3, szeptember 7-i 1112\/2018-as kir\u00e1lyi rendeletnek megfelel\u0151en hozz\u00e1f\u00e9rhet\u0151v\u00e9 teszi.<\/p>\n\n\n\n<p>Ez a hozz\u00e1f\u00e9rhet\u0151s\u00e9gi nyilatkozat a hometeamgc.com weboldalra vonatkozik.<\/p>\n\n\n\n<h2 class=\"wp-block-heading\"><strong>MEGFELEL\u0150S\u00c9GI \u00c1LLAPOT<\/strong><\/h2>\n\n\n\n<p>Ez a weboldal r\u00e9szben felel meg az RD 1112\/2018 ir\u00e1nyelvnek az al\u00e1bb felsorolt szempontok kiv\u00e9telei \u00e9s meg nem felel\u00e9se miatt.<\/p>\n\n\n\n<h2 class=\"wp-block-heading\"><strong>TARTALOM NEM EL\u00c9RHET\u0150<\/strong><\/h2>\n\n\n\n<p>Az al\u00e1bbi tartalom a k\u00f6vetkez\u0151 okok miatt nem hozz\u00e1f\u00e9rhet\u0151:&nbsp;<\/p>\n\n\n\n<ul class=\"wp-block-list\">\n<li>Az RD 1112\/2018. sz\u00e1m\u00fa rendeletnek val\u00f3 meg nem felel\u00e9s:\n<ul class=\"wp-block-list\">\n<li>El\u0151fordulhat, hogy m\u00e1s nyelveken is van olyan tartalom, ahol a nyelvv\u00e1lt\u00e1s nem megfelel\u0151en van jel\u00f6lve.<\/li>\n\n\n\n<li>A csak hangot tartalmaz\u00f3 multim\u00e9di\u00e1s elemeknek nem biztos, hogy van alternat\u00edv\u00e1ja.<\/li>\n\n\n\n<li>Lehetnek felirat n\u00e9lk\u00fcli vide\u00f3k<\/li>\n\n\n\n<li>Van sz\u00f6veges tartalom elegend\u0151 kontraszt n\u00e9lk\u00fcl<\/li>\n\n\n\n<li>L\u00e1that\u00f3, hogy n\u00e9h\u00e1ny esetben a f\u00f3kusz nem felel meg a minim\u00e1lisan el\u0151\u00edrt kontrasztar\u00e1nynak.<\/li>\n\n\n\n<li>Bizonyos esetekben el\u0151fordulhat \u00e1tfed\u00e9s a tartalomban.<\/li>\n\n\n\n<li>El\u0151fordulhatnak hozz\u00e1f\u00e9rhet\u0151s\u00e9gi probl\u00e9m\u00e1kkal k\u00fczd\u0151 PDF-dokumentumok<\/li>\n<\/ul>\n<\/li>\n\n\n\n<li>Ar\u00e1nytalan teher:\n<ul class=\"wp-block-list\">\n<li>Nem alkalmazhat\u00f3.<\/li>\n<\/ul>\n<\/li>\n\n\n\n<li>A tartalom nem tartozik az alkalmazand\u00f3 jogszab\u00e1lyok hat\u00e1lya al\u00e1:\n<ul class=\"wp-block-list\">\n<li>El\u0151fordulhat, hogy a 2018. szeptember 20. el\u0151tt k\u00f6zz\u00e9tett PDF form\u00e1tum\u00fa dokumentumok nem felelnek meg teljes m\u00e9rt\u00e9kben az \u00f6sszes hozz\u00e1f\u00e9rhet\u0151s\u00e9gi k\u00f6vetelm\u00e9nynek.<\/li>\n<\/ul>\n<\/li>\n<\/ul>\n\n\n\n<h2 class=\"wp-block-heading\"><strong>A JELEN HOZZ\u00c1F\u00c9RHET\u0150S\u00c9GI NYILATKOZAT ELK\u00c9SZ\u00cdT\u00c9SE<\/strong><\/h2>\n\n\n\n<p>Ez a nyilatkozat 2024. janu\u00e1r 23-\u00e1n k\u00e9sz\u00fclt.<\/p>\n\n\n\n<p>A nyilatkozat elk\u00e9sz\u00edt\u00e9s\u00e9hez alkalmazott m\u00f3dszer \u00f6n\u00e9rt\u00e9kel\u00e9s volt.<\/p>\n\n\n\n<p>A nyilatkozat utols\u00f3 fel\u00fclvizsg\u00e1lata: 2024. janu\u00e1r 23.<\/p>\n\n\n\n<h2 class=\"wp-block-heading\"><strong>MEGJEGYZ\u00c9SEK \u00c9S EL\u00c9RHET\u0150S\u00c9GEK<\/strong><\/h2>\n\n\n\n<p>A hozz\u00e1f\u00e9rhet\u0151s\u00e9gi k\u00f6vetelm\u00e9nyekr\u0151l sz\u00f3l\u00f3 kommunik\u00e1ci\u00f3<\/p>\n\n\n\n<p>A hozz\u00e1f\u00e9rhet\u0151s\u00e9gi k\u00f6vetelm\u00e9nyekkel kapcsolatos k\u00f6zlem\u00e9nyeket (az RD 1112\/2018 10.2.a cikke), p\u00e9ld\u00e1ul:<\/p>\n\n\n\n<ul class=\"wp-block-list\">\n<li>Jelentse a weboldal esetleges meg nem felel\u00e9s\u00e9t<\/li>\n\n\n\n<li>A tartalomhoz val\u00f3 hozz\u00e1f\u00e9r\u00e9s egy\u00e9b neh\u00e9zs\u00e9geinek k\u00f6zvet\u00edt\u00e9se<\/li>\n\n\n\n<li>B\u00e1rmilyen egy\u00e9b k\u00e9rd\u00e9s vagy fejleszt\u00e9si javaslat a weboldal hozz\u00e1f\u00e9rhet\u0151s\u00e9g\u00e9vel kapcsolatban.<\/li>\n<\/ul>\n\n\n\n<p>a weboldalon tal\u00e1lhat\u00f3 kapcsolatfelv\u00e9teli \u0171rlapon kereszt\u00fcl (<strong>hometeamgc.com\/contact<\/strong>) vagy a k\u00f6vetkez\u0151 telefonsz\u00e1mon kereszt\u00fcl: +34637777350<\/p>\n\n\n\n<h3 class=\"wp-block-heading\"><strong>Hozz\u00e1f\u00e9rhet\u0151 inform\u00e1ci\u00f3k\u00e9r\u00e9sek \u00e9s panaszok<\/strong><\/h3>\n\n\n\n<p>Az \u0171rlapot akad\u00e1lymentes inform\u00e1ci\u00f3k\u00e9r\u00e9sre \u00e9s akad\u00e1lymentes\u00edt\u00e9si panaszokkal kapcsolatos panaszokra haszn\u00e1lhatja:<\/p>\n\n\n\n<ul class=\"wp-block-list\">\n<li>az RD 1112\/2018 k\u00f6vetelm\u00e9nyeinek val\u00f3 megfelel\u00e9ssel kapcsolatos panasz vagy<\/li>\n\n\n\n<li>a hozz\u00e1f\u00e9rhet\u0151s\u00e9gi inform\u00e1ci\u00f3k ir\u00e1nti k\u00e9relem a k\u00f6vetkez\u0151kkel kapcsolatban:\n<ul class=\"wp-block-list\">\n<li>az RD 1112\/2018 alkalmaz\u00e1si k\u00f6r\u00e9b\u0151l a 3. cikk (4) bekezd\u00e9s\u00e9ben meghat\u00e1rozottak szerint kiz\u00e1rt tartalom<\/li>\n\n\n\n<li>olyan tartalom, amely mentes\u00fcl az akad\u00e1lymentes\u00edt\u00e9si k\u00f6vetelm\u00e9nyek al\u00f3l, mert ar\u00e1nytalan terhet jelent.<\/li>\n<\/ul>\n<\/li>\n<\/ul>\n\n\n\n<p>A hozz\u00e1f\u00e9rhet\u0151 inform\u00e1ci\u00f3k ir\u00e1nti k\u00e9relemben a t\u00e9nyeket, az indokokat \u00e9s a k\u00e9relmet vil\u00e1gosan meg kell jel\u00f6lni annak meg\u00e1llap\u00edt\u00e1sa \u00e9rdek\u00e9ben, hogy a k\u00e9relem \u00e9sszer\u0171 \u00e9s jogos.<\/p>\n\n\n\n<p>A hozz\u00e1f\u00e9rhet\u0151 inform\u00e1ci\u00f3kkal kapcsolatos panaszokat \u00e9s ig\u00e9nyeket az elektronikus k\u00f6zponton (https:\/\/sede.red.gob.es\/procedimientos\/quejas-y-sugerencias) kereszt\u00fcl kell beny\u00fajtani, \u00e9s azokat a Red.es inform\u00e1ci\u00f3s rendszerek ter\u00fclet\u00e9nek kell fogadnia \u00e9s kezelnie.<\/p>\n\n\n\n<h2 class=\"wp-block-heading\"><strong>P\u00c1LY\u00c1ZATI ELJ\u00c1R\u00c1S<\/strong><\/h2>\n\n\n\n<p>Ha a hozz\u00e1f\u00e9rhet\u0151 inform\u00e1ci\u00f3k ir\u00e1nti k\u00e9relmet vagy panaszt elutas\u00edtj\u00e1k, az \u00e9rdekelt f\u00e9l nem \u00e9rt egyet az elfogadott hat\u00e1rozattal, vagy a v\u00e1lasz nem felel meg az 1112\/2018. sz. kir\u00e1lyi rendelet 12. cikk\u00e9nek (5) bekezd\u00e9s\u00e9ben foglalt k\u00f6vetelm\u00e9nyeknek, az \u00e9rdekelt f\u00e9l panaszt ny\u00fajthat be. Ugyan\u00edgy panaszt lehet beny\u00fajtani abban az esetben is, ha nem \u00e9rkezik v\u00e1lasz.<\/p>\n\n\n\n<p>Az 1112\/2018 kir\u00e1lyi rendelet 13. cikk\u00e9ben meghat\u00e1rozott panaszelj\u00e1r\u00e1s a weboldalon tal\u00e1lhat\u00f3 kapcsolatfelv\u00e9teli \u0171rlapon kereszt\u00fcl kezdem\u00e9nyezhet\u0151 (<strong>hometeamgc.com\/contact<\/strong>) vagy a k\u00f6vetkez\u0151 telefonsz\u00e1mon kereszt\u00fcl: +34637777350<\/p>\n\n\n\n<p>A panaszokat a Home Team Gran Canaria Real Estate Services S.L. fogadja \u00e9s kezeli.<\/p>\n\n\n\n<h2 class=\"wp-block-heading\"><strong>OPCION\u00c1LIS TARTALOM<\/strong><\/h2>\n\n\n\n<p>A weboldal:<\/p>\n\n\n\n<ul class=\"wp-block-list\">\n<li>az el\u00e9rhet\u0151s\u00e9ggel kapcsolatos jelenlegi szabv\u00e1nyoknak \u00e9s el\u0151\u00edr\u00e1soknak megfelel\u0151en k\u00e9sz\u00fclt, \u00e9s megfelel a Web Content Accessibility Guidelines (WCAG 2.1) specifik\u00e1ci\u00f3ban meghat\u00e1rozott 2. priorit\u00e1s\u00fa (AA) ellen\u0151rz\u00e9si pontoknak.<\/li>\n\n\n\n<li>a Chrome, Edge, Firefox, Firefox, Safari \u00e9s Opera leg\u00fajabb, aktu\u00e1lis verzi\u00f3ira van optimaliz\u00e1lva.<\/li>\n\n\n\n<li>\u00fagy tervezt\u00e9k, hogy b\u00e1rmilyen felbont\u00e1sban \u00e9s b\u00e1rmilyen asztali, t\u00e1blag\u00e9pen vagy mobileszk\u00f6z\u00f6n helyesen jelenjen meg (reszponz\u00edv tervez\u00e9s).<\/li>\n\n\n\n<li>a HTML5 jel\u00f6l\u0151nyelv \u00e9s a CSS 3 st\u00edluslapok haszn\u00e1lat\u00e1val k\u00e9sz\u00fclt.<\/li>\n<\/ul>\n\n\n\n<p>Ha a f\u0151 grafikus b\u00f6ng\u00e9sz\u0151kben a sz\u00f6veg bet\u0171m\u00e9ret\u00e9t szeretn\u00e9 megv\u00e1ltoztatni, haszn\u00e1lja a k\u00f6vetkez\u0151 men\u00fcket:<\/p>\n\n\n\n<ul class=\"wp-block-list\">\n<li>Internet Explorer, Mozilla \u00e9s Firefox: N\u00e9zet &gt; Sz\u00f6vegm\u00e9ret<\/li>\n\n\n\n<li>Opera: N\u00e9zet &gt; Nagy\u00edt\u00e1s<\/li>\n\n\n\n<li>Safari: N\u00e9zet &gt; Sz\u00f6veg nagy\u00edt\u00e1sa<\/li>\n\n\n\n<li>Chrome: Jelenlegi oldal vez\u00e9rl\u00e9se &gt; Sz\u00f6vegm\u00e9ret<\/li>\n\n\n\n<li>Az oldalon l\u00e9v\u0151 \u00f6sszes dolog m\u00e9ret\u00e9nek megv\u00e1ltoztat\u00e1sa:\n<ul class=\"wp-block-list\">\n<li>Ctrl + + + a nagy\u00edt\u00e1shoz<\/li>\n\n\n\n<li>Ctrl + - a cs\u00f6kkent\u00e9shez<\/li>\n\n\n\n<li>Ctrl + 0 vissza\u00e1ll\u00edtja az eredeti sz\u00f6vegm\u00e9retet<\/li>\n\n\n\n<li>Ha fel\u00fcl akarja \u00edrni a st\u00edluslapot, vagy meg akarja v\u00e1ltoztatni a sz\u00f6veg sz\u00edn\u00e9t, akkor a WAI Hogyan v\u00e1ltoztassuk meg a sz\u00f6veg m\u00e9ret\u00e9t vagy sz\u00edn\u00e9t c\u00edm\u0171 oldal\u00e1t tekintheti meg, amely angol nyelven a How to Change Text Size or Colors (Hogyan v\u00e1ltoztassuk meg a sz\u00f6veg m\u00e9ret\u00e9t vagy sz\u00edn\u00e9t) c\u00edmen olvashat\u00f3.<\/li>\n<\/ul>\n<\/li>\n<\/ul>","protected":false},"excerpt":{"rendered":"<p>Home Team Gran Canaria Real Estate Services S.L. se ha comprometido a hacer accesibles sus Sitios web de conformidad con el Real Decreto 1112\/2018, de 7 de septiembre, sobre accesibilidad [&hellip;]<\/p>","protected":false},"author":1,"featured_media":0,"parent":0,"menu_order":0,"comment_status":"closed","ping_status":"closed","template":"","meta":{"footnotes":""},"class_list":["post-455","page","type-page","status-publish","hentry"],"_links":{"self":[{"href":"https:\/\/hometeam.es\/hu\/wp-json\/wp\/v2\/pages\/455","targetHints":{"allow":["GET"]}}],"collection":[{"href":"https:\/\/hometeam.es\/hu\/wp-json\/wp\/v2\/pages"}],"about":[{"href":"https:\/\/hometeam.es\/hu\/wp-json\/wp\/v2\/types\/page"}],"author":[{"embeddable":true,"href":"https:\/\/hometeam.es\/hu\/wp-json\/wp\/v2\/users\/1"}],"replies":[{"embeddable":true,"href":"https:\/\/hometeam.es\/hu\/wp-json\/wp\/v2\/comments?post=455"}],"version-history":[{"count":0,"href":"https:\/\/hometeam.es\/hu\/wp-json\/wp\/v2\/pages\/455\/revisions"}],"wp:attachment":[{"href":"https:\/\/hometeam.es\/hu\/wp-json\/wp\/v2\/media?parent=455"}],"curies":[{"name":"wp","href":"https:\/\/api.w.org\/{rel}","templated":true}]}}